{"id":84,"date":"2015-05-23T20:19:27","date_gmt":"2015-05-23T20:19:27","guid":{"rendered":"http:\/\/www.eemas.ee\/wordpress\/?page_id=84"},"modified":"2023-11-19T22:50:42","modified_gmt":"2023-11-19T20:50:42","slug":"juhatus","status":"publish","type":"page","link":"https:\/\/www.eemas.ee\/wordpress\/eemas\/juhatus\/","title":{"rendered":"Juhatus"},"content":{"rendered":"<p>Dr. Kuido N\u00f5mm &#8211; juhatuse esimees<br \/>\nDr. Kelly Hiibus &#8211; sisekommunikatsiooni ja dokumentatsiooni puudutavate k\u00fcsimustega p\u00f6\u00f6rduda kelly.hiibus [\u00e4t] gmail.com<br \/>\nDr. Tanel Lepik<br \/>\nDr. Lilian L\u00e4\u00e4ts<br \/>\nDr. Sander Poks<br \/>\nDr. Arkadi Popov<br \/>\nDr. M\u00e4rt P\u00f5lluveer &#8211; liikmemaksu ja muu rahaliste k\u00fcsimustega p\u00f6\u00f6rduda mart.polluveer [\u00e4t] gmail.com<br \/>\nDr. Ralf Raava<br \/>\nDr. Siim Rinken<\/p>\n<p style=\"text-align: justify;\">09.10.2023<\/p>\n","protected":false},"excerpt":{"rendered":"<p>Dr. Kuido N\u00f5mm &#8211; juhatuse esimees Dr. Kelly Hiibus &#8211; sisekommunikatsiooni ja dokumentatsiooni puudutavate k\u00fcsimustega p\u00f6\u00f6rduda kelly.hiibus [\u00e4t] gmail.com Dr. Tanel Lepik Dr. Lilian L\u00e4\u00e4ts Dr. Sander Poks Dr. Arkadi Popov Dr. M\u00e4rt P\u00f5lluveer &#8211; liikmemaksu ja muu rahaliste k\u00fcsimustega p\u00f6\u00f6rduda mart.polluveer [\u00e4t] gmail.com Dr. Ralf Raava Dr. Siim Rinken 09.10.2023<\/p>\n","protected":false},"author":1,"featured_media":0,"parent":49,"menu_order":0,"comment_status":"open","ping_status":"open","template":"","meta":{"ngg_post_thumbnail":0,"footnotes":""},"class_list":["post-84","page","type-page","status-publish"],"_links":{"self":[{"href":"https:\/\/www.eemas.ee\/wordpress\/wp-json\/wp\/v2\/pages\/84","targetHints":{"allow":["GET"]}}],"collection":[{"href":"https:\/\/www.eemas.ee\/wordpress\/wp-json\/wp\/v2\/pages"}],"about":[{"href":"https:\/\/www.eemas.ee\/wordpress\/wp-json\/wp\/v2\/types\/page"}],"author":[{"embeddable":true,"href":"https:\/\/www.eemas.ee\/wordpress\/wp-json\/wp\/v2\/users\/1"}],"replies":[{"embeddable":true,"href":"https:\/\/www.eemas.ee\/wordpress\/wp-json\/wp\/v2\/comments?post=84"}],"version-history":[{"count":11,"href":"https:\/\/www.eemas.ee\/wordpress\/wp-json\/wp\/v2\/pages\/84\/revisions"}],"predecessor-version":[{"id":951,"href":"https:\/\/www.eemas.ee\/wordpress\/wp-json\/wp\/v2\/pages\/84\/revisions\/951"}],"up":[{"embeddable":true,"href":"https:\/\/www.eemas.ee\/wordpress\/wp-json\/wp\/v2\/pages\/49"}],"wp:attachment":[{"href":"https:\/\/www.eemas.ee\/wordpress\/wp-json\/wp\/v2\/media?parent=84"}],"curies":[{"name":"wp","href":"https:\/\/api.w.org\/{rel}","templated":true}]}}