{"id":133,"date":"2015-05-26T11:52:17","date_gmt":"2015-05-26T09:52:17","guid":{"rendered":"http:\/\/www.eemas.ee\/wordpress\/?page_id=133"},"modified":"2017-08-03T16:12:06","modified_gmt":"2017-08-03T14:12:06","slug":"fotogalerii","status":"publish","type":"page","link":"https:\/\/www.eemas.ee\/wordpress\/fotogalerii\/","title":{"rendered":"Fotogalerii"},"content":{"rendered":"<p><ul class=\"ngg-breadcrumbs\">\n\t\t\t<li class=\"ngg-breadcrumb\">\n\t\t\t\t\t\t\tEMO rebased 2005\t\t\t\t\t\t\t\t<\/li>\n\t<\/ul>\n<div class=\"ngg-albumoverview\">\n\n\t<!-- List of galleries -->\n\t\t\n\t<div class=\"ngg-album-compact\">\n\t\t<div class=\"ngg-album-compactbox\">\n\t\t\t<div class=\"ngg-album-link\">\n\t\t\t\t\t\t\t\t\t<a class=\"Link\" href=\"\n\t\t\t\t\thttps:\/\/www.eemas.ee\/wordpress\/fotogalerii\/nggallery\/emo-rebaste-ristimised\/emo-rebased-2005\t\t\t\">\n\t\t\t\t\t\t<img class=\"Thumb\"\n\t\t\t\t\t\t\talt=\"EMO rebased 2005\"\n\t\t\t\t\t\t\tsrc=\"\n\t\t\t\t\t\t\thttps:\/\/www.eemas.ee\/wordpress\/wp-content\/gallery\/emo-rebased-2005\/cache\/image002.jpg-nggid011-ngg0dyn-91x68-00f0w010c011r110f110r010t010.jpg?t=1553047972\t\t\t\t\t\t\"\/>\n\t\t\t\t\t<\/a>\n\t\t\t\t\t\t\t<\/div>\n\t\t<\/div>\n\t\t\t\t\t<h4>\n\t\t\t<a class=\"ngg-album-desc\"\n\t\t\t\ttitle=\"EMO rebased 2005\"\n\t\t\t\thref=\"\n\t\t\t\thttps:\/\/www.eemas.ee\/wordpress\/fotogalerii\/nggallery\/emo-rebaste-ristimised\/emo-rebased-2005\t\t\t\"\n\t\t\t\tstyle=\"max-width: 111px\"\t\t\t\t>\n\t\t\t\tEMO rebased 2005\t\t\t<\/a>\n\t\t<\/h4>\n\t\t<p class=\"ngg-album-gallery-image-counter\">\n\t\t\t\t\t\t\t<strong>3<\/strong>&nbsp;Photos\t\t\t\t\t<\/p>\n\t<\/div>\n\n\t\n\t<div class=\"ngg-album-compact\">\n\t\t<div class=\"ngg-album-compactbox\">\n\t\t\t<div class=\"ngg-album-link\">\n\t\t\t\t\t\t\t\t\t<a class=\"Link\" href=\"\n\t\t\t\t\thttps:\/\/www.eemas.ee\/wordpress\/fotogalerii\/nggallery\/talvepaevad\/3-talvepaevad\t\t\t\">\n\t\t\t\t\t\t<img class=\"Thumb\"\n\t\t\t\t\t\t\talt=\"3 talvep\u00e4evad\"\n\t\t\t\t\t\t\tsrc=\"\n\t\t\t\t\t\t\thttps:\/\/www.eemas.ee\/wordpress\/wp-content\/gallery\/3-talvepaevad\/cache\/image002.jpg-nggid014-ngg0dyn-91x68-00f0w010c011r110f110r010t010.jpg?t=1553047972\t\t\t\t\t\t\"\/>\n\t\t\t\t\t<\/a>\n\t\t\t\t\t\t\t<\/div>\n\t\t<\/div>\n\t\t\t\t\t<h4>\n\t\t\t<a class=\"ngg-album-desc\"\n\t\t\t\ttitle=\"3 talvep\u00e4evad\"\n\t\t\t\thref=\"\n\t\t\t\thttps:\/\/www.eemas.ee\/wordpress\/fotogalerii\/nggallery\/talvepaevad\/3-talvepaevad\t\t\t\"\n\t\t\t\tstyle=\"max-width: 111px\"\t\t\t\t>\n\t\t\t\t3 talvep\u00e4evad\t\t\t<\/a>\n\t\t<\/h4>\n\t\t<p class=\"ngg-album-gallery-image-counter\">\n\t\t\t\t\t\t\t<strong>6<\/strong>&nbsp;Photos\t\t\t\t\t<\/p>\n\t<\/div>\n\n\t\n\t<div class=\"ngg-album-compact\">\n\t\t<div class=\"ngg-album-compactbox\">\n\t\t\t<div class=\"ngg-album-link\">\n\t\t\t\t\t\t\t\t\t<a class=\"Link\" href=\"\n\t\t\t\t\thttps:\/\/www.eemas.ee\/wordpress\/fotogalerii\/nggallery\/seminarid\/sugisseminar-2015\t\t\t\">\n\t\t\t\t\t\t<img class=\"Thumb\"\n\t\t\t\t\t\t\talt=\"S\u00fcgisseminar 2015\"\n\t\t\t\t\t\t\tsrc=\"\n\t\t\t\t\t\t\thttps:\/\/www.eemas.ee\/wordpress\/wp-content\/gallery\/sugisseminar-2015\/cache\/IMG_1033.JPG-nggid0210-ngg0dyn-91x68-00f0w010c011r110f110r010t010.JPG?t=1553047973\t\t\t\t\t\t\"\/>\n\t\t\t\t\t<\/a>\n\t\t\t\t\t\t\t<\/div>\n\t\t<\/div>\n\t\t\t\t\t<h4>\n\t\t\t<a class=\"ngg-album-desc\"\n\t\t\t\ttitle=\"S\u00fcgisseminar 2015\"\n\t\t\t\thref=\"\n\t\t\t\thttps:\/\/www.eemas.ee\/wordpress\/fotogalerii\/nggallery\/seminarid\/sugisseminar-2015\t\t\t\"\n\t\t\t\tstyle=\"max-width: 111px\"\t\t\t\t>\n\t\t\t\tS\u00fcgisseminar 2015\t\t\t<\/a>\n\t\t<\/h4>\n\t\t<p class=\"ngg-album-gallery-image-counter\">\n\t\t\t\t\t\t\t<strong>15<\/strong>&nbsp;Photos\t\t\t\t\t<\/p>\n\t<\/div>\n\n\t\n\t<div class=\"ngg-album-compact\">\n\t\t<div class=\"ngg-album-compactbox\">\n\t\t\t<div class=\"ngg-album-link\">\n\t\t\t\t\t\t\t\t\t<a class=\"Link\" href=\"\n\t\t\t\t\thttps:\/\/www.eemas.ee\/wordpress\/fotogalerii\/nggallery\/seminarid\/residentuuri-lopetajad\t\t\t\">\n\t\t\t\t\t\t<img class=\"Thumb\"\n\t\t\t\t\t\t\talt=\"Residentuuri l\u00f5petajad\"\n\t\t\t\t\t\t\tsrc=\"\n\t\t\t\t\t\t\thttps:\/\/www.eemas.ee\/wordpress\/wp-content\/gallery\/residentuuri-lopetajad\/cache\/Residentuuri-l%C3%B5petajad-2017.jpg-nggid0244-ngg0dyn-91x68-00f0w010c011r110f110r010t010.jpg?t=1553047974\t\t\t\t\t\t\"\/>\n\t\t\t\t\t<\/a>\n\t\t\t\t\t\t\t<\/div>\n\t\t<\/div>\n\t\t\t\t\t<h4>\n\t\t\t<a class=\"ngg-album-desc\"\n\t\t\t\ttitle=\"Residentuuri l\u00f5petajad\"\n\t\t\t\thref=\"\n\t\t\t\thttps:\/\/www.eemas.ee\/wordpress\/fotogalerii\/nggallery\/seminarid\/residentuuri-lopetajad\t\t\t\"\n\t\t\t\tstyle=\"max-width: 111px\"\t\t\t\t>\n\t\t\t\tResidentuuri l\u00f5petajad\t\t\t<\/a>\n\t\t<\/h4>\n\t\t<p class=\"ngg-album-gallery-image-counter\">\n\t\t\t\t\t\t\t<strong>3<\/strong>&nbsp;Photos\t\t\t\t\t<\/p>\n\t<\/div>\n\n\t\n\t<div class=\"ngg-album-compact\">\n\t\t<div class=\"ngg-album-compactbox\">\n\t\t\t<div class=\"ngg-album-link\">\n\t\t\t\t\t\t\t\t\t<a class=\"Link\" href=\"\n\t\t\t\t\thttps:\/\/www.eemas.ee\/wordpress\/fotogalerii\/nggallery\/seminarid\/sugisseminar2016\t\t\t\">\n\t\t\t\t\t\t<img class=\"Thumb\"\n\t\t\t\t\t\t\talt=\"S\u00fcgisseminar 2016\"\n\t\t\t\t\t\t\tsrc=\"\n\t\t\t\t\t\t\thttps:\/\/www.eemas.ee\/wordpress\/wp-content\/gallery\/sugisseminar2016\/cache\/IMG_2854.JPG-nggid0230-ngg0dyn-91x68-00f0w010c011r110f110r010t010.JPG?t=1553047975\t\t\t\t\t\t\"\/>\n\t\t\t\t\t<\/a>\n\t\t\t\t\t\t\t<\/div>\n\t\t<\/div>\n\t\t\t\t\t<h4>\n\t\t\t<a class=\"ngg-album-desc\"\n\t\t\t\ttitle=\"S\u00fcgisseminar 2016\"\n\t\t\t\thref=\"\n\t\t\t\thttps:\/\/www.eemas.ee\/wordpress\/fotogalerii\/nggallery\/seminarid\/sugisseminar2016\t\t\t\"\n\t\t\t\tstyle=\"max-width: 111px\"\t\t\t\t>\n\t\t\t\tS\u00fcgisseminar 2016\t\t\t<\/a>\n\t\t<\/h4>\n\t\t<p class=\"ngg-album-gallery-image-counter\">\n\t\t\t\t\t\t\t<strong>9<\/strong>&nbsp;Photos\t\t\t\t\t<\/p>\n\t<\/div>\n\n\t\n\t<!-- Pagination -->\n\t<br class=\"ngg-clear\"\/>\n\t\t<div class='ngg-clear'><\/div><\/div>\n\n\t<\/p>\n","protected":false},"excerpt":{"rendered":"<p>EMO rebased 2005 EMO rebased 2005 3&nbsp;Photos 3 talvep\u00e4evad 6&nbsp;Photos S\u00fcgisseminar 2015 15&nbsp;Photos Residentuuri l\u00f5petajad 3&nbsp;Photos S\u00fcgisseminar 2016 9&nbsp;Photos<\/p>\n","protected":false},"author":1,"featured_media":0,"parent":0,"menu_order":0,"comment_status":"open","ping_status":"open","template":"","meta":{"ngg_post_thumbnail":0,"footnotes":""},"class_list":["post-133","page","type-page","status-publish"],"_links":{"self":[{"href":"https:\/\/www.eemas.ee\/wordpress\/wp-json\/wp\/v2\/pages\/133","targetHints":{"allow":["GET"]}}],"collection":[{"href":"https:\/\/www.eemas.ee\/wordpress\/wp-json\/wp\/v2\/pages"}],"about":[{"href":"https:\/\/www.eemas.ee\/wordpress\/wp-json\/wp\/v2\/types\/page"}],"author":[{"embeddable":true,"href":"https:\/\/www.eemas.ee\/wordpress\/wp-json\/wp\/v2\/users\/1"}],"replies":[{"embeddable":true,"href":"https:\/\/www.eemas.ee\/wordpress\/wp-json\/wp\/v2\/comments?post=133"}],"version-history":[{"count":11,"href":"https:\/\/www.eemas.ee\/wordpress\/wp-json\/wp\/v2\/pages\/133\/revisions"}],"predecessor-version":[{"id":606,"href":"https:\/\/www.eemas.ee\/wordpress\/wp-json\/wp\/v2\/pages\/133\/revisions\/606"}],"wp:attachment":[{"href":"https:\/\/www.eemas.ee\/wordpress\/wp-json\/wp\/v2\/media?parent=133"}],"curies":[{"name":"wp","href":"https:\/\/api.w.org\/{rel}","templated":true}]}}